{"id":15,"date":"2024-07-13T03:12:14","date_gmt":"2024-07-13T03:12:14","guid":{"rendered":"http:\/\/192.168.88.125\/?page_id=15"},"modified":"2024-07-29T10:18:07","modified_gmt":"2024-07-29T10:18:07","slug":"kontakt","status":"publish","type":"page","link":"https:\/\/srv106083.seohost.com.pl\/?page_id=15","title":{"rendered":"Kontakt"},"content":{"rendered":"<p><strong>WEST-DOOR sp.z.o.o<\/strong><\/p>\n<p><strong>Telefon:<\/strong> <a class=\"contact-info\" href=\"http:\/\/192.168.88.125\/\"><span class=\"title mobile\">+48603051428<\/span><\/a><br \/>\n<strong>E-mail: westdoorcompany@gmail.com<\/strong><br \/>\n<strong>Strona internetowa:<\/strong> www.westdoor.pl<br \/>\n<strong>LinkedIn:<\/strong> []<\/p>\n<hr \/>\n<p><strong>Adres:<\/strong><br \/>\nul. J\u0119drzychowska 46,<\/p>\n<p>65-001 Zielona G\u00f3ra, Polska<\/p>\n<hr \/>\n<p>Firma budowlana West-Door wyr\u00f3\u017cnia si\u0119 wysok\u0105 jako\u015bci\u0105 us\u0142ug oraz profesjonalizmem. Dzi\u0119ki do\u015bwiadczonemu zespo\u0142owi ekspert\u00f3w oraz nowoczesnym rozwi\u0105zaniom, realizuje nawet najbardziej skomplikowane projekty. Klienci ceni\u0105 sobie terminowo\u015b\u0107 i indywidualne podej\u015bcie do ka\u017cdego zlecenia. West-Door to gwarancja solidno\u015bci!<\/p>\n<hr \/>\n<p><strong>Social Media:<\/strong><\/p>\n<ul>\n<li>Facebook: [Link]<\/li>\n<li>Instagram: [Link]<\/li>\n<li>Twitter: [Link]<\/li>\n<\/ul>\n<hr \/>\n","protected":false},"excerpt":{"rendered":"<p>WEST-DOOR sp.z.o.o Telefon: +48603051428 E-mail: westdoorcompany@gmail.com Strona internetowa: www.westdoor.pl LinkedIn: [] Adres: ul. J\u0119drzychowska 46, 65-001 Zielona G\u00f3ra, Polska Firma budowlana West-Door wyr\u00f3\u017cnia si\u0119 wysok\u0105 jako\u015bci\u0105 us\u0142ug oraz profesjonalizmem. Dzi\u0119ki do\u015bwiadczonemu zespo\u0142owi ekspert\u00f3w oraz nowoczesnym rozwi\u0105zaniom, realizuje nawet najbardziej skomplikowane projekty. Klienci ceni\u0105 sobie terminowo\u015b\u0107 i indywidualne podej\u015bcie do ka\u017cdego zlecenia. West-Door to gwarancja solidno\u015bci! Social Media: Facebook: [Link] Instagram: [Link] Twitter: [Link]<\/p>\n","protected":false},"author":1,"featured_media":0,"parent":0,"menu_order":4,"comment_status":"closed","ping_status":"closed","template":"","meta":{"footnotes":""},"class_list":["post-15","page","type-page","status-publish"],"_links":{"self":[{"href":"https:\/\/srv106083.seohost.com.pl\/index.php?rest_route=\/wp\/v2\/pages\/15","targetHints":{"allow":["GET"]}}],"collection":[{"href":"https:\/\/srv106083.seohost.com.pl\/index.php?rest_route=\/wp\/v2\/pages"}],"about":[{"href":"https:\/\/srv106083.seohost.com.pl\/index.php?rest_route=\/wp\/v2\/types\/page"}],"author":[{"embeddable":true,"href":"https:\/\/srv106083.seohost.com.pl\/index.php?rest_route=\/wp\/v2\/users\/1"}],"replies":[{"embeddable":true,"href":"https:\/\/srv106083.seohost.com.pl\/index.php?rest_route=%2Fwp%2Fv2%2Fcomments&post=15"}],"version-history":[{"count":5,"href":"https:\/\/srv106083.seohost.com.pl\/index.php?rest_route=\/wp\/v2\/pages\/15\/revisions"}],"predecessor-version":[{"id":359,"href":"https:\/\/srv106083.seohost.com.pl\/index.php?rest_route=\/wp\/v2\/pages\/15\/revisions\/359"}],"wp:attachment":[{"href":"https:\/\/srv106083.seohost.com.pl\/index.php?rest_route=%2Fwp%2Fv2%2Fmedia&parent=15"}],"curies":[{"name":"wp","href":"https:\/\/api.w.org\/{rel}","templated":true}]}}