{"id":9,"date":"2024-07-13T03:09:49","date_gmt":"2024-07-13T03:09:49","guid":{"rendered":"http:\/\/192.168.88.125\/?page_id=9"},"modified":"2024-07-29T10:15:52","modified_gmt":"2024-07-29T10:15:52","slug":"nasza-firma","status":"publish","type":"page","link":"https:\/\/srv106083.seohost.com.pl\/","title":{"rendered":"Nasza firma"},"content":{"rendered":"<div class=\"elementor-element elementor-element-0c6d447 e-flex e-con-boxed e-con e-child\" data-id=\"0c6d447\" data-element_type=\"container\" data-settings=\"{&quot;jet_parallax_layout_list&quot;:[]}\">\n<div class=\"e-con-inner\">\n<div id=\"app\" data-type=\"chat\" data-timers=\"40;300;500\" data-lang=\"pl\" data-action=\"\/pl\/chat\/send\/\" data-limit=\"\" data-trylimit=\"\" data-ccount=\"6\">\n<div>\n<div class=\"chat__message bot-message\">\n<div class=\"chat__message__text\">\n<p><strong>Us\u0142ugi Budowy Domk\u00f3w Jednorodzinnych \u2013 Twoja Droga do Idealnego Domu<\/strong><\/p>\n<p>W dzisiejszym \u015bwiecie, gdzie ka\u017cdy z nas marzy o stabilizacji, prywatno\u015bci oraz przestrzeni do \u017cycia, budowa w\u0142asnego domku jednorodzinnego staje si\u0119 jednym z najwa\u017cniejszych krok\u00f3w w \u017cyciu. Nasza firma z wieloletnim do\u015bwiadczeniem w bran\u017cy budowlanej oferuje kompleksowe us\u0142ugi budowy domk\u00f3w jednorodzinnych, kt\u00f3re spe\u0142ni\u0105 Twoje oczekiwania i marzenia.<\/p>\n<p><img fetchpriority=\"high\" decoding=\"async\" class=\" wp-image-287 alignleft\" src=\"http:\/\/192.168.88.125\/wp-content\/uploads\/2024\/07\/specmur2-300x186.jpg\" alt=\"\" width=\"301\" height=\"187\" srcset=\"https:\/\/srv106083.seohost.com.pl\/wp-content\/uploads\/2024\/07\/specmur2-300x186.jpg 300w, https:\/\/srv106083.seohost.com.pl\/wp-content\/uploads\/2024\/07\/specmur2-1024x634.jpg 1024w, https:\/\/srv106083.seohost.com.pl\/wp-content\/uploads\/2024\/07\/specmur2-768x475.jpg 768w, https:\/\/srv106083.seohost.com.pl\/wp-content\/uploads\/2024\/07\/specmur2.jpg 1050w\" sizes=\"(max-width: 301px) 100vw, 301px\" \/><\/p>\n<p><strong>Dlaczego warto wybra\u0107 nasz\u0105 firm\u0119?<\/strong><\/p>\n<ol>\n<li><strong>Profesjonalizm i do\u015bwiadczenie<\/strong>: Nasi specjali\u015bci dysponuj\u0105 szerok\u0105 wiedz\u0105 oraz umiej\u0119tno\u015bciami, kt\u00f3re zdobywali przez lata pracy w bran\u017cy budowlanej. Dzi\u0119ki temu jeste\u015bmy w stanie zrealizowa\u0107 projekty na najwy\u017cszym poziomie.<\/li>\n<li><strong>Indywidualne podej\u015bcie<\/strong>: Ka\u017cdy klient ma swoje unikalne potrzeby i oczekiwania. Nasza firma oferuje indywidualne podej\u015bcie do ka\u017cdego projektu, co pozwala nam tworzy\u0107 domy idealnie dopasowane do stylu \u017cycia naszych klient\u00f3w.<\/li>\n<li><strong>Wysoka jako\u015b\u0107 materia\u0142\u00f3w<\/strong>: W trosce o trwa\u0142o\u015b\u0107 i estetyk\u0119 realizowanych przez nas inwestycji, korzystamy tylko z materia\u0142\u00f3w najwy\u017cszej jako\u015bci. Wsp\u00f3\u0142pracujemy z renomowanymi dostawcami, co gwarantuje solidno\u015b\u0107 naszych budowli.<\/li>\n<li><strong>Kompleksowa obs\u0142uga<\/strong>: Nasza oferta obejmuje wszystkie etapy budowy domu \u2013 od projektu, przez wykonawstwo, a\u017c po nadz\u00f3r budowlany. Zajmujemy si\u0119 tak\u017ce formalno\u015bciami zwi\u0105zanymi z uzyskaniem pozwolenia na budow\u0119.<\/li>\n<li><strong>Terminowo\u015b\u0107<\/strong>: Rozumiemy, jak wa\u017cny jest czas w procesie budowy. Dlatego stawiamy na efektywno\u015b\u0107 i dotrzymujemy ustalonych termin\u00f3w.<\/li>\n<\/ol>\n<p><strong>Nasza oferta<img decoding=\"async\" class=\"size-medium wp-image-286 alignleft\" src=\"http:\/\/192.168.88.125\/wp-content\/uploads\/2024\/07\/specmur1-300x200.webp\" alt=\"\" width=\"300\" height=\"200\" srcset=\"https:\/\/srv106083.seohost.com.pl\/wp-content\/uploads\/2024\/07\/specmur1-300x200.webp 300w, https:\/\/srv106083.seohost.com.pl\/wp-content\/uploads\/2024\/07\/specmur1-1024x683.webp 1024w, https:\/\/srv106083.seohost.com.pl\/wp-content\/uploads\/2024\/07\/specmur1-768x512.webp 768w, https:\/\/srv106083.seohost.com.pl\/wp-content\/uploads\/2024\/07\/specmur1-1536x1024.webp 1536w, https:\/\/srv106083.seohost.com.pl\/wp-content\/uploads\/2024\/07\/specmur1.webp 1920w\" sizes=\"(max-width: 300px) 100vw, 300px\" \/><\/strong><\/p>\n<ul>\n<li><strong>Budowa dom\u00f3w na zam\u00f3wienie<\/strong>: Oferujemy mo\u017cliwo\u015b\u0107 budowy dom\u00f3w jednorodzinnych wed\u0142ug indywidualnych projekt\u00f3w. Nasi architekci oraz projektanci pomog\u0105 Ci w stworzeniu unikalnego projektu, kt\u00f3ry spe\u0142ni wszystkie Twoje oczekiwania.<\/li>\n<li><strong>Budowa z katalogu<\/strong>: Je\u017celi nie masz jeszcze swojego projektu, mo\u017cemy zaproponowa\u0107 gotowe rozwi\u0105zania z bogatego katalogu dom\u00f3w jednorodzinnych. Dzi\u0119ki temu zaoszcz\u0119dzisz czas i \u0142atwiej podejmiesz decyzj\u0119.<\/li>\n<li><strong>Rozbudowa i modernizacja<\/strong>: Je\u015bli posiadasz ju\u017c dom, ale potrzebujesz dodatkowej przestrzeni, oferujemy us\u0142ugi rozbudowy oraz modernizacji istniej\u0105cych budynk\u00f3w.<\/li>\n<li><strong>Nadz\u00f3r budowlany<\/strong>: Nasza firma zapewnia r\u00f3wnie\u017c nadz\u00f3r budowlany, \u017ceby wszystkie prace by\u0142y realizowane zgodnie z przepisami oraz normami budowlanymi.<\/li>\n<\/ul>\n<p><strong>Podsumowanie<\/strong><\/p>\n<p>Budowa w\u0142asnego domku jednorodzinnego to nie tylko inwestycja w nieruchomo\u015b\u0107, ale przede wszystkim w przysz\u0142o\u015b\u0107 Twojej rodziny. Z nasz\u0105 profesjonaln\u0105 pomoc\u0105 stworzysz przestrze\u0144, kt\u00f3ra b\u0119dzie odzwierciedleniem Twojego stylu \u017cycia i spe\u0142ni Twoje marzenia. Skontaktuj si\u0119 z nami ju\u017c dzi\u015b, aby rozpocz\u0105\u0107 przygod\u0119 z budow\u0105 swojego wymarzonego domu!<\/p>\n<p>Zapraszamy do wsp\u00f3\u0142pracy \u2013 razem stworzymy miejsce, w kt\u00f3rym b\u0119dzie si\u0119 Wam wygodnie \u017cy\u0142o i odpoczywa\u0142o!<\/p>\n<p><img decoding=\"async\" class=\"size-medium wp-image-282 alignleft\" src=\"http:\/\/192.168.88.125\/wp-content\/uploads\/2024\/07\/spec4-300x158.jpg\" alt=\"\" width=\"300\" height=\"158\" srcset=\"https:\/\/srv106083.seohost.com.pl\/wp-content\/uploads\/2024\/07\/spec4-300x158.jpg 300w, https:\/\/srv106083.seohost.com.pl\/wp-content\/uploads\/2024\/07\/spec4-1024x539.jpg 1024w, https:\/\/srv106083.seohost.com.pl\/wp-content\/uploads\/2024\/07\/spec4-768x404.jpg 768w, https:\/\/srv106083.seohost.com.pl\/wp-content\/uploads\/2024\/07\/spec4.jpg 1280w\" sizes=\"(max-width: 300px) 100vw, 300px\" \/><img loading=\"lazy\" decoding=\"async\" class=\" wp-image-284 alignleft\" src=\"http:\/\/192.168.88.125\/wp-content\/uploads\/2024\/07\/spec6-300x169.jpg\" alt=\"\" width=\"288\" height=\"162\" srcset=\"https:\/\/srv106083.seohost.com.pl\/wp-content\/uploads\/2024\/07\/spec6-300x169.jpg 300w, https:\/\/srv106083.seohost.com.pl\/wp-content\/uploads\/2024\/07\/spec6-1024x576.jpg 1024w, https:\/\/srv106083.seohost.com.pl\/wp-content\/uploads\/2024\/07\/spec6-768x432.jpg 768w, https:\/\/srv106083.seohost.com.pl\/wp-content\/uploads\/2024\/07\/spec6-1536x864.jpg 1536w, https:\/\/srv106083.seohost.com.pl\/wp-content\/uploads\/2024\/07\/spec6.jpg 1920w\" sizes=\"(max-width: 288px) 100vw, 288px\" \/><\/p>\n<\/div>\n<\/div>\n<\/div>\n<\/div>\n<div><img loading=\"lazy\" decoding=\"async\" class=\" wp-image-283 alignleft\" src=\"http:\/\/192.168.88.125\/wp-content\/uploads\/2024\/07\/spec5-300x169.jpg\" alt=\"\" width=\"291\" height=\"164\" srcset=\"https:\/\/srv106083.seohost.com.pl\/wp-content\/uploads\/2024\/07\/spec5-300x169.jpg 300w, https:\/\/srv106083.seohost.com.pl\/wp-content\/uploads\/2024\/07\/spec5-1024x576.jpg 1024w, https:\/\/srv106083.seohost.com.pl\/wp-content\/uploads\/2024\/07\/spec5-768x432.jpg 768w, https:\/\/srv106083.seohost.com.pl\/wp-content\/uploads\/2024\/07\/spec5-1536x864.jpg 1536w, https:\/\/srv106083.seohost.com.pl\/wp-content\/uploads\/2024\/07\/spec5.jpg 1920w\" sizes=\"(max-width: 291px) 100vw, 291px\" \/><\/div>\n<\/div>\n<\/div>\n","protected":false},"excerpt":{"rendered":"<p>Us\u0142ugi Budowy Domk\u00f3w Jednorodzinnych \u2013 Twoja Droga do Idealnego Domu W dzisiejszym \u015bwiecie, gdzie ka\u017cdy z nas marzy o stabilizacji, prywatno\u015bci oraz przestrzeni do \u017cycia, budowa w\u0142asnego domku jednorodzinnego staje si\u0119 jednym z najwa\u017cniejszych krok\u00f3w w \u017cyciu. Nasza firma z wieloletnim do\u015bwiadczeniem w bran\u017cy budowlanej oferuje kompleksowe us\u0142ugi budowy domk\u00f3w jednorodzinnych, kt\u00f3re spe\u0142ni\u0105 Twoje oczekiwania i marzenia. Dlaczego warto wybra\u0107 nasz\u0105 firm\u0119? Profesjonalizm i do\u015bwiadczenie: Nasi specjali\u015bci dysponuj\u0105 szerok\u0105 wiedz\u0105 oraz umiej\u0119tno\u015bciami, kt\u00f3re zdobywali przez lata pracy w bran\u017cy budowlanej. Dzi\u0119ki temu jeste\u015bmy w stanie zrealizowa\u0107 projekty na najwy\u017cszym poziomie. Indywidualne podej\u015bcie: Ka\u017cdy klient ma swoje unikalne potrzeby i oczekiwania. Nasza firma oferuje indywidualne podej\u015bcie do ka\u017cdego projektu, co pozwala nam tworzy\u0107 domy idealnie dopasowane do stylu \u017cycia naszych klient\u00f3w. Wysoka jako\u015b\u0107 materia\u0142\u00f3w: W trosce o trwa\u0142o\u015b\u0107 i estetyk\u0119 realizowanych przez nas inwestycji, korzystamy tylko z materia\u0142\u00f3w najwy\u017cszej jako\u015bci. Wsp\u00f3\u0142pracujemy z renomowanymi dostawcami, co gwarantuje solidno\u015b\u0107 naszych budowli. Kompleksowa obs\u0142uga:&hellip;<\/p>\n<p> <a class=\"more-link\" href=\"https:\/\/srv106083.seohost.com.pl\/\">Dowiedz si\u0119 wi\u0119cej<\/a><\/p>\n","protected":false},"author":1,"featured_media":0,"parent":0,"menu_order":1,"comment_status":"closed","ping_status":"closed","template":"","meta":{"footnotes":""},"class_list":["post-9","page","type-page","status-publish"],"_links":{"self":[{"href":"https:\/\/srv106083.seohost.com.pl\/index.php?rest_route=\/wp\/v2\/pages\/9","targetHints":{"allow":["GET"]}}],"collection":[{"href":"https:\/\/srv106083.seohost.com.pl\/index.php?rest_route=\/wp\/v2\/pages"}],"about":[{"href":"https:\/\/srv106083.seohost.com.pl\/index.php?rest_route=\/wp\/v2\/types\/page"}],"author":[{"embeddable":true,"href":"https:\/\/srv106083.seohost.com.pl\/index.php?rest_route=\/wp\/v2\/users\/1"}],"replies":[{"embeddable":true,"href":"https:\/\/srv106083.seohost.com.pl\/index.php?rest_route=%2Fwp%2Fv2%2Fcomments&post=9"}],"version-history":[{"count":5,"href":"https:\/\/srv106083.seohost.com.pl\/index.php?rest_route=\/wp\/v2\/pages\/9\/revisions"}],"predecessor-version":[{"id":291,"href":"https:\/\/srv106083.seohost.com.pl\/index.php?rest_route=\/wp\/v2\/pages\/9\/revisions\/291"}],"wp:attachment":[{"href":"https:\/\/srv106083.seohost.com.pl\/index.php?rest_route=%2Fwp%2Fv2%2Fmedia&parent=9"}],"curies":[{"name":"wp","href":"https:\/\/api.w.org\/{rel}","templated":true}]}}